{"id":118,"date":"2014-05-14T11:44:20","date_gmt":"2014-05-14T09:44:20","guid":{"rendered":"http:\/\/hirsimaki.net\/montsa\/?page_id=118"},"modified":"2014-05-14T11:44:20","modified_gmt":"2014-05-14T09:44:20","slug":"montsan-arvot","status":"publish","type":"page","link":"http:\/\/montsa.com\/?page_id=118","title":{"rendered":"Montsan arvot"},"content":{"rendered":"<p><strong>Arvot<\/strong><\/p>\n<p>Toimintamme pohjalla ovat Vantaan kaupungin arvot, jotka ovat innovatiivisuus, kest\u00e4v\u00e4 kehitys ja yhteis\u00f6llisyys. Lis\u00e4ksi painotamme toiminnassamme oikeudenmukaisuutta, avoimuutta, itsens\u00e4 ja toisten kunnioittamista sek\u00e4 sitoutumista.<\/p>\n<p><strong>Innovatiivisuus<\/strong><\/p>\n<p>Tarkastelemme ja arvioimme jatkuvasti toimintatapojamme ja kehit\u00e4mme sit\u00e4 kautta toimintaamme. Uskallamme kokeilla uusia toimintatapoja ja kertoa toisillemme saamistamme ideoista. Kehitt\u00e4misen painopistein\u00e4 ovat t\u00e4ll\u00e4 hetkell\u00e4 pienryhm\u00e4toiminta sek\u00e4 draaman, musiikin ja tietotekniikan k\u00e4yt\u00f6n hy\u00f6dynt\u00e4minen lasten kanssa.<\/p>\n<p><strong>Kest\u00e4v\u00e4 kehitys<br \/>\n<\/strong><\/p>\n<p><strong><em>&#8211; Kulttuurinen kest\u00e4v\u00e4 kehitys<br \/>\n<\/em><\/strong>Pid\u00e4mme yll\u00e4 suomalaista kulttuuriperinnett\u00e4 ja kunnioitamme samalla my\u00f6s p\u00e4iv\u00e4kotimme monikulttuurisuutta. Suomalaisen kulttuuriperinteen vaaliminen n\u00e4kyy mm. juhlien vietossa. Monikulttuurisuutta kunnioitamme tutustumalla eri kulttuureihin esimerkiksi vieraskielisten laulujen kautta. My\u00f6s lasten omalla kulttuuriperinteell\u00e4 on suuri merkitys. Tuemme lasten omaa kulttuuriperinnett\u00e4 luomalla hyv\u00e4t edellytykset lasten leikeille ja olemalla kiinnostuneita lasten leikeist\u00e4 ja niihin liittyvist\u00e4 elementeist\u00e4 ja ilmi\u00f6ist\u00e4. Kulttuuriperinteen ja eri kulttuurien kunnioittamisen lis\u00e4ksi on t\u00e4rke\u00e4\u00e4 luoda my\u00f6s uutta, p\u00e4iv\u00e4kotimme omaa toimintakulttuuria. Oman toimintakulttuurin luomisessa mietimme toimintamme l\u00e4ht\u00f6kohdista k\u00e4sin mit\u00e4 asioita haluamme toiminnassamme s\u00e4ilytt\u00e4\u00e4 ja mit\u00e4 haluamme muuttaa. Kokeilevalla asenteella ja aidolla innostuksella toiminnan kehitt\u00e4miseen on t\u00e4ss\u00e4 merkitt\u00e4v\u00e4 rooli.<\/p>\n<p><strong><em>&#8211; Sosiaalinen kest\u00e4v\u00e4 kehitys<br \/>\n<\/em><\/strong>Itsemme ja toistemme kunnioittaminen on toimintamme l\u00e4ht\u00f6kohta. Suhtaudumme arvostavasti, avoimesti ja tasa-arvoisesti kaikkia kohtaan. Olemme avoimessa vuorovaikutuksessa niin p\u00e4iv\u00e4kotimme sis\u00e4ll\u00e4 kuin yhteisty\u00f6tahojemme kanssa. Kannamme vastuuta oman toimintamme kautta laadukkaasta varhaiskasvatuksesta Vantaalla.<\/p>\n<p><strong><em>&#8211; Ekologinen kest\u00e4v\u00e4 kehitys<br \/>\n<\/em><\/strong>Kasvattajina oma ymp\u00e4rist\u00f6vastuullinen toimintamme on esimerkkin\u00e4 lapsille. Toimimme luontoa kunnioittaen ja s\u00e4\u00e4st\u00e4en muun muassa kierr\u00e4tt\u00e4m\u00e4ll\u00e4 p\u00e4iv\u00e4kodissamme paperit, pahvit, kartongit, pienmetallit, lasit ja ongelmaj\u00e4tteen ja sammuttamalla huoneista valot silloin kun niit\u00e4 ei tarvita. Kiinnit\u00e4mme valinnoissamme huomiota ekologisuuteen: muun muassa pyrimme ensisijaisesti korjaamaan rikkimenneet tavarat uuden ostamisen sijaan ja keitti\u00f6ss\u00e4 pyrimme lis\u00e4\u00e4m\u00e4\u00e4n l\u00e4hi- ja luomuruoan k\u00e4ytt\u00f6\u00e4. Nyt luomutuotteista k\u00e4yt\u00e4mme p\u00e4ivitt\u00e4in luomumaitoa. Ohjaamme lapsia ekologisuuteen muun muassa ohjaamalla heit\u00e4 kierr\u00e4tt\u00e4m\u00e4\u00e4n ja k\u00e4ytt\u00e4m\u00e4\u00e4n materiaaleja s\u00e4\u00e4steli\u00e4\u00e4sti. K\u00e4ymme lasten kanssa luontoretkill\u00e4 ja retkill\u00e4 l\u00e4hiymp\u00e4rist\u00f6ss\u00e4. Retkill\u00e4 tuemme lasten luonto- ja ymp\u00e4rist\u00f6suhteen kehittymist\u00e4 luomalla my\u00f6nteisi\u00e4 tunnekokemuksia luonnosta.<\/p>\n<p><strong><em>&#8211; Taloudellinen kest\u00e4v\u00e4 kehitys<br \/>\n<\/em><\/strong>Suunnittelemme tarkasti resurssimme ja hankintamme. Kiinnit\u00e4mme valinnoissamme huomiota lasten turvallisuuteen, henkil\u00f6kunnan ty\u00f6olosuhteisiin ja viihtyvyyteen, tuotteiden k\u00e4ytt\u00f6ik\u00e4\u00e4n ja ymp\u00e4rist\u00f6yst\u00e4v\u00e4llisyyteen. K\u00e4yt\u00e4mme resurssejamme ja hankintojamme suunnitelmallisesti, oikea-aikaisesti ja joustavasti. Kannatusyhdistyksemme hallituksen taloudenhoitaja tekee joka kuukaudesta kassavirtalaskelman ja on siten aina ajan tasalla taloudellisesta tilanteesta. Kuukausittain pidett\u00e4v\u00e4ss\u00e4 kannatusyhdistyksen hallituksen kokouksessa p\u00e4iv\u00e4kodinjohtaja k\u00e4y l\u00e4pi yhdess\u00e4 hallituksen kanssa muun muassa taloudellisen tilanteen.<\/p>\n<p><strong>Yhteis\u00f6llisyys<\/strong><\/p>\n<p>K\u00e4ymme ty\u00f6yhteis\u00f6n\u00e4 s\u00e4\u00e4nn\u00f6llisesti l\u00e4pi p\u00e4iv\u00e4kotimme arvoja, tavoitteita, toimintatapoja ja toimintaperiaatteita. Sitoudumme yhdess\u00e4 sovittujen asioiden noudattamiseen ja palaamme kuukausittain henkil\u00f6kuntapalaverissa tarkistamaan kuinka olemme pysyneet yhdess\u00e4 sovituissa asioissa ja mit\u00e4 sovimme jatkoa ajatellen. Lasten osallisuus p\u00e4iv\u00e4kotimme toiminnassa on luonnollisesti suuri. Lapset vaikuttavat niin varhaiskasvatusymp\u00e4rist\u00f6n, toimintatapojen kuin toiminnan sis\u00e4lt\u00f6jen muokkaamiseen. Arvostamme ja vahvistamme vanhempien kasvatusvastuuta ja \u2013oikeutta. Pyrimme aktivoimaan vanhempien roolia toiminnan ideoinnissa.<\/p>\n<p><strong>Oikeudenmukaisuus<\/strong><\/p>\n<p>Tarjoamme jokaiselle lapselle yht\u00e4l\u00e4iset mahdollisuudet osallistua ja kehitt\u00e4\u00e4 itse\u00e4\u00e4n omien kykyjens\u00e4 ja kiinnostuksen kohteidensa mukaan. Luomme jokaiselle lapselle mahdollisuuden tasavertaiseen ja kokonaisvaltaiseen kasvuun, kehitykseen ja oppimiseen p\u00e4iv\u00e4kodissamme. Kunnioitamme lapsen yksil\u00f6llisyytt\u00e4 ja h\u00e4nen herkkyyskausiaan. Kunnioitamme, kuuntelemme ja annamme ty\u00f6rauhan jokaiselle lapselle ja aikuiselle.<\/p>\n<p><strong>Avoimuus<\/strong><\/p>\n<p>Olemme avoimessa vuorovaikutuksessa lasten, vanhempien ja ty\u00f6kavereina toinen toistemme kanssa. Opastamme lapsia kertomaan heid\u00e4n tunteistaan ja ajatuksistaan.<\/p>\n<p><strong>Itsens\u00e4 ja toisten kunnioittaminen<\/strong><\/p>\n<p>Kohtelemme toisiamme kunnioittavasti ja kuuntelemme toisiamme. Kiinnit\u00e4mme huomiota avoimeen ja kohteliaaseen vuorovaikutukseen ja ymm\u00e4rr\u00e4mme lapsen ja aikuisen v\u00e4lisen vuorovaikutuksen merkityksen lapsen kehitykselle. Ohjaamme lapsia toimimaan hyvien k\u00e4yt\u00f6stapojen mukaisesti.<\/p>\n<p><strong>Sitoutuminen<\/strong><\/p>\n<p>Sitoutumisen arvo ohjaa meit\u00e4 tekem\u00e4\u00e4n asioita loppuun saakka ja kantamaan vastuuta omasta itsest\u00e4, teht\u00e4vist\u00e4 ja t\u00f6ist\u00e4. T\u00e4rke\u00e4\u00e4 on, ett\u00e4 lasta autetaan tekem\u00e4\u00e4n itse ja huomaamaan omat voimavaransa.<\/p>\n","protected":false},"excerpt":{"rendered":"<p>Arvot Toimintamme pohjalla ovat Vantaan kaupungin arvot, jotka ovat innovatiivisuus, kest\u00e4v\u00e4 kehitys ja yhteis\u00f6llisyys. Lis\u00e4ksi painotamme toiminnassamme oikeudenmukaisuutta, avoimuutta, itsens\u00e4 ja toisten kunnioittamista sek\u00e4 sitoutumista. Innovatiivisuus Tarkastelemme ja arvioimme jatkuvasti toimintatapojamme ja kehit\u00e4mme sit\u00e4 kautta toimintaamme. Uskallamme kokeilla uusia toimintatapoja ja kertoa toisillemme saamistamme ideoista. Kehitt\u00e4misen painopistein\u00e4 ovat t\u00e4ll\u00e4 hetkell\u00e4\u2026<\/p>\n<p class=\"continue-reading-button\"> <a class=\"continue-reading-link\" href=\"http:\/\/montsa.com\/?page_id=118\">Continue reading<i class=\"crycon-right-dir\"><\/i><\/a><\/p>\n","protected":false},"author":1,"featured_media":0,"parent":44,"menu_order":0,"comment_status":"closed","ping_status":"open","template":"templates\/template-onecolumn.php","meta":{"footnotes":""},"class_list":["post-118","page","type-page","status-publish","hentry"],"jetpack_sharing_enabled":true,"jetpack_shortlink":"https:\/\/wp.me\/P7gGdc-1U","jetpack-related-posts":[],"_links":{"self":[{"href":"http:\/\/montsa.com\/index.php?rest_route=\/wp\/v2\/pages\/118","targetHints":{"allow":["GET"]}}],"collection":[{"href":"http:\/\/montsa.com\/index.php?rest_route=\/wp\/v2\/pages"}],"about":[{"href":"http:\/\/montsa.com\/index.php?rest_route=\/wp\/v2\/types\/page"}],"author":[{"embeddable":true,"href":"http:\/\/montsa.com\/index.php?rest_route=\/wp\/v2\/users\/1"}],"replies":[{"embeddable":true,"href":"http:\/\/montsa.com\/index.php?rest_route=%2Fwp%2Fv2%2Fcomments&post=118"}],"version-history":[{"count":0,"href":"http:\/\/montsa.com\/index.php?rest_route=\/wp\/v2\/pages\/118\/revisions"}],"up":[{"embeddable":true,"href":"http:\/\/montsa.com\/index.php?rest_route=\/wp\/v2\/pages\/44"}],"wp:attachment":[{"href":"http:\/\/montsa.com\/index.php?rest_route=%2Fwp%2Fv2%2Fmedia&parent=118"}],"curies":[{"name":"wp","href":"https:\/\/api.w.org\/{rel}","templated":true}]}}