{"id":212,"date":"2014-07-23T15:48:28","date_gmt":"2014-07-23T15:48:28","guid":{"rendered":"http:\/\/montsa.com\/?page_id=212"},"modified":"2014-10-07T22:22:37","modified_gmt":"2014-10-07T19:22:37","slug":"pukeutumisesta","status":"publish","type":"page","link":"http:\/\/montsa.com\/?page_id=212","title":{"rendered":"Yleisi\u00e4 ohjeita p\u00e4iv\u00e4kodin arkeen"},"content":{"rendered":"<h4>Pukeutumisesta<\/h4>\n<p>Lasten vaatteet on nimikoitava, sill\u00e4 p\u00e4iv\u00e4kodin aikuiset eiv\u00e4t v\u00e4ltt\u00e4m\u00e4tt\u00e4 tunnista ja muista mik\u00e4 vaatekappale kuului kellekin lapselle. Nimikoimattomat vaatteet ker\u00e4t\u00e4\u00e4n eteisess\u00e4 olevaan laatikkoon, josta vanhemmat voivat kuukausittain ennen laatikon tyhjennyst\u00e4 k\u00e4yd\u00e4 hakemassa omansa pois.<\/p>\n<p><strong>Vaatetus joka s\u00e4\u00e4lle!<img data-recalc-dims=\"1\" loading=\"lazy\" decoding=\"async\" data-attachment-id=\"255\" data-permalink=\"http:\/\/montsa.com\/?attachment_id=255\" data-orig-file=\"https:\/\/i0.wp.com\/montsa.com\/wp-content\/uploads\/2014\/07\/img_vaatetus.jpg?fit=800%2C529\" data-orig-size=\"800,529\" data-comments-opened=\"0\" data-image-meta=\"{&quot;aperture&quot;:&quot;0&quot;,&quot;credit&quot;:&quot;&quot;,&quot;camera&quot;:&quot;&quot;,&quot;caption&quot;:&quot;&quot;,&quot;created_timestamp&quot;:&quot;0&quot;,&quot;copyright&quot;:&quot;&quot;,&quot;focal_length&quot;:&quot;0&quot;,&quot;iso&quot;:&quot;0&quot;,&quot;shutter_speed&quot;:&quot;0&quot;,&quot;title&quot;:&quot;&quot;}\" data-image-title=\"img_vaatetus\" data-image-description=\"\" data-image-caption=\"\" data-large-file=\"https:\/\/i0.wp.com\/montsa.com\/wp-content\/uploads\/2014\/07\/img_vaatetus.jpg?fit=800%2C529\" class=\"alignright wp-image-255\" src=\"https:\/\/i0.wp.com\/montsa.com\/wp-content\/uploads\/2014\/07\/img_vaatetus.jpg?resize=600%2C397\" alt=\"img_vaatetus\" width=\"600\" height=\"397\" srcset=\"https:\/\/i0.wp.com\/montsa.com\/wp-content\/uploads\/2014\/07\/img_vaatetus.jpg?w=800 800w, https:\/\/i0.wp.com\/montsa.com\/wp-content\/uploads\/2014\/07\/img_vaatetus.jpg?resize=300%2C198 300w, https:\/\/i0.wp.com\/montsa.com\/wp-content\/uploads\/2014\/07\/img_vaatetus.jpg?resize=226%2C150 226w, https:\/\/i0.wp.com\/montsa.com\/wp-content\/uploads\/2014\/07\/img_vaatetus.jpg?resize=150%2C99 150w\" sizes=\"auto, (max-width: 600px) 100vw, 600px\" \/><\/strong><br \/>\nP\u00e4iv\u00e4kotiin tarvitaan vaatetus joka s\u00e4\u00e4lle. Sis\u00e4vaatteet on oltava erikseen ja varavaatteita on oltava tarpeeksi, koska rapatessa roiskuu. Vaatteiden on hyv\u00e4 olla helposti puettavia, jolloin ne tukevat lapsen omatoimisuutta. Lis\u00e4ksi vaatteiden tulee olla my\u00f6s sellaisia, joiden likaantuminen ei haittaa.<\/p>\n<p>Sades\u00e4\u00e4n varustukseen kuuluvat kahdet kuravaatteet. Kuravaatteen on hyv\u00e4 vied\u00e4 kotiin pest\u00e4v\u00e4ksi aina perjantaisin. Likaiset vaatteet laitetaan muovipusseihin ja pussit lasten lokeroihin. Kotoa voi tuoda muovipusseja t\u00e4t\u00e4 tarkoitusta varten. Lokerot on tyhjennett\u00e4v\u00e4 aina perjantaisin, jotta ne voidaan siivota.<\/p>\n<p><strong>Montsan varavaatteet<\/strong><br \/>\nMontsassa on varavaatteita ja niit\u00e4 lainataan lapselle tarvittaessa. Palautathan ne pestyin\u00e4 takaisin.<\/p>\n<h4>Retket<\/h4>\n<p>P\u00e4iv\u00e4koti tekee retki\u00e4 ja niist\u00e4 tiedotetaan vanhemmille etuk\u00e4teen omassa tiedotteessaan. P\u00e4iv\u00e4koti retkeilee vuoden aikana muutaman kerran esimerkisi museohin, teatteriin, luistelun\u00e4yt\u00f6kseen tms. Jotkut retket saattavat olla omakustanteisia, mutta n\u00e4ist\u00e4 tiedotetaan vanhemmille aina hyviss\u00e4 ajoin.<\/p>\n<h4>Omat lelut<\/h4>\n<p>Lelup\u00e4iv\u00e4 kuukauden viimeinen perjantai, muina p\u00e4ivin\u00e4 leikit\u00e4\u00e4n p\u00e4iv\u00e4kodin leluilla<br \/>\nLapsi voi tuoda oman lelun p\u00e4iv\u00e4kotiin vain lelup\u00e4iv\u00e4n\u00e4 kerran kuukaudessa. Lelup\u00e4iv\u00e4 on p\u00e4\u00e4asiassa jokaisen kuukauden viimeinen perjantai. Muistutus lelup\u00e4iv\u00e4n ajankohdasta l\u00f6ytyy lapsen p\u00e4iv\u00e4raportista sek\u00e4 p\u00e4iv\u00e4kodin ulko-ovesta lelup\u00e4iv\u00e4\u00e4 edelt\u00e4v\u00e4n\u00e4 p\u00e4iv\u00e4n\u00e4.<\/p>\n<p>Lelut eiv\u00e4t saa olla \u00e4\u00e4nnekk\u00e4it\u00e4 ja p\u00e4iv\u00e4kotiin voi tuodan yhden lelun kerrallaan. Lelussa ei saa olla pieni\u00e4 irtoavia osia. Lelut ovat lasten vastuulla. Jos lapsella leluja mukana p\u00e4iv\u00e4kodissa muina p\u00e4ivin\u00e4, ne laitetaan s\u00e4il\u00f6\u00f6n lapsen lokeroon, eik\u00e4 niill\u00e4 leikit\u00e4 p\u00e4iv\u00e4n aikana.<\/p>\n<p>Jos huomaatte lapsen mukana pieni\u00e4, h\u00e4nelle kuulumattomia tavaroita, varmistattehan etteiv\u00e4t ne ole p\u00e4iv\u00e4kodin omaisuutta. Monet v\u00e4lineisiin kuuluvat tavarat ovat pieni\u00e4 ja houkuttelevia, mutta vaillinaisina montessoriv\u00e4lineet ovat t\u00e4ysin toimimattomia. Siis palautattehan kaikki pienet helmetkin p\u00e4iv\u00e4kotiin.<\/p>\n<h4>Omat kukat<\/h4>\n<p>Kaikki lapset sek\u00e4 isojen ett\u00e4 pienten ryhm\u00e4ss\u00e4 voivat tuoda p\u00e4iv\u00e4kotiin ruukussa olevan kukan tai viherkasvin. Lapset hoitavat kasveja itse. Toivomme teid\u00e4n selvitt\u00e4v\u00e4n, ett\u00e4 lapsen kasvi ei ole myrkyllinen, voimakkaasti allergisoiva eik\u00e4 herkk\u00e4 lasten toteuttamalle hoidolle.<\/p>\n<h4>Lapsen l\u00e4\u00e4kitys<\/h4>\n<p>Lapselle voidaan antaa p\u00e4iv\u00e4kodissa h\u00e4nelle reseptill\u00e4 osoitettuja l\u00e4\u00e4kkeit\u00e4. Annosteluohje tulee olla l\u00e4\u00e4kkeen mukana sek\u00e4 l\u00e4\u00e4ke on oltava valmiiksi annosteltuna. Esimerkiksi suun kautta annettavat, nestem\u00e4iset l\u00e4\u00e4kkeet on tuotava p\u00e4iv\u00e4kotiin valmiiksi annosteltuina l\u00e4\u00e4keruiskuun vedettyn\u00e4. Vanhemman on lis\u00e4ksi allekirjoitettava suostumus l\u00e4\u00e4kkeiden antoon. Muistattehan, ett\u00e4 mit\u00e4\u00e4n l\u00e4\u00e4kkeit\u00e4 ei saa s\u00e4ilytt\u00e4\u00e4 lasten eteisen lokerossa.<br \/>\n<a title=\"Lapsen l\u00e4\u00e4kehoitosuunnitelma\" href=\"http:\/\/montsa.com\/wp-content\/uploads\/2014\/10\/Lapsen-l%C3%A4%C3%A4kehoitosuunnitelma-lomakepohja-1.pdf\" target=\"_blank\">Lapsen l\u00e4\u00e4kehoitosuunnitelma -lomake<\/a><\/p>\n<h4>Syntym\u00e4p\u00e4ivien vietto<\/h4>\n<p>Lasten syntym\u00e4p\u00e4ivi\u00e4 vietet\u00e4\u00e4n p\u00e4iv\u00e4nsankarin omassa lapsiryhm\u00e4ss\u00e4. Jos lapsen syntym\u00e4p\u00e4iv\u00e4t sattuvat viikonlopulle tai loma-ajalle, vietet\u00e4\u00e4n syntym\u00e4p\u00e4ivi\u00e4 seuraavana arkip\u00e4iv\u00e4n\u00e4.<\/p>\n<p>Syntym\u00e4p\u00e4iv\u00e4sankaria juhlitaan piirissa onnittelulauluin ja yhteisin leikein. P\u00e4iv\u00e4nssankarille annetaan kortti tai syntym\u00e4p\u00e4iv\u00e4kruunu. Lapsi voi halutessaan tuoda p\u00e4iv\u00e4kotiin tarjottavaa, jotka p\u00e4iv\u00e4nsankari saa tarjoilla muille lounaan yhteydess\u00e4.<\/p>\n<p>Tarjoilussa on hyv\u00e4 huomioida kohtuullisuus. Esimerkiksi yksi keksi kullekin lapselle on riitt\u00e4v\u00e4. Jos lapsi haluaa tarjota j\u00e4\u00e4tel\u00f6\u00e4, on hyv\u00e4 varmistaa edelt\u00e4v\u00e4 p\u00e4iv\u00e4n\u00e4 p\u00e4iv\u00e4kodista, ett\u00e4 ne mahtuvat pakastimeen. <strong>Emme voi ottaa vastaan itse leivottuja tarjottavia.<\/strong> Halutessanne, voitte tiedustella lasten allergioista p\u00e4iv\u00e4kodin henkil\u00f6kunnalta.<\/p>\n<h4>Kasvukansio ja esikoulukansio<\/h4>\n<p><strong>Kasvukansioon ker\u00e4t\u00e4\u00e4n lapsen kehittymist\u00e4 kuvaavaa materiaalia<br \/>\n<\/strong>P\u00e4iv\u00e4kodissa seurataan lapsen kehittymist\u00e4 ja tuetaan lapsen itsearviointitaitoja. Jokaisella lapsella on oma kansionsa, jonne kootaan valokuvia lapsesta, osuvia sanontoja, kertomuksia ja lapsen tekemi\u00e4 t\u00f6it\u00e4.<\/p>\n<p>Kansiot siirtyv\u00e4t isojen ryhm\u00e4\u00e4n lapsen siirtyess\u00e4 sinne. Lapsi tuo p\u00e4iv\u00e4kotiin tullessaan ison kansion, johon kootaan n\u00e4it\u00e4 muistoja Montsasta. Kasvukansion saa t\u00e4ytettyn\u00e4 mukaan, kun lapsi lopettaa hoidon.<\/p>\n<p><strong>Esikoulukansio kulkee esikoulun ja kodin v\u00e4lill\u00e4<\/strong><br \/>\nJokaisella esikoululaisella tulee olla a4-kokoisille papereille tarkoitettu esikoulukansio. Kansio kulkee esikoulun ja kodin v\u00e4lill\u00e4. Kansioon laitetaan joka kuukauden esikoulutuokioiden tulevat aiheet, kotiteht\u00e4v\u00e4t ja lapsen tekem\u00e4t ty\u00f6t. Vanhemman on t\u00e4rke\u00e4\u00e4 tarkastella kotona yhdess\u00e4 lapsen kanssa kansion sis\u00e4lt\u00f6\u00e4, jotta lapsi saa tukea kotiteht\u00e4vien tekemiseen. Kansiossa on my\u00f6s t\u00e4rke\u00e4\u00e4 tietoa vanhemmille esim. retket ja tulevat aiheet.<\/p>\n<h4>Poissaolot p\u00e4iv\u00e4kodista<\/h4>\n<p><strong>Sairaspoissaolot<\/strong><br \/>\nSairasta lasta ei saa tuoda p\u00e4iv\u00e4kotiin. Muistathan, ett\u00e4 kuumetapauksissa tulee lapsen olla kotona yksi kuumeeton p\u00e4iv\u00e4 ennen p\u00e4iv\u00e4kotiin palaamista. Lapsen sairastuttua, ilmoita siit\u00e4 p\u00e4iv\u00e4kodin henkil\u00f6kunnalle p\u00e4iv\u00e4kodin puhelimeen joko soittamalla tai j\u00e4tt\u00e4m\u00e4ll\u00e4 tekstiviestitieto.<\/p>\n<p>P\u00e4iv\u00e4kotiin tullessa lapsten on oltava ulkoilukuntoinen ja kyett\u00e4v\u00e4 osallistumaan my\u00f6s ryhm\u00e4n muuhun toimintaan. Lapsen kuntoa voidaan arvioida yhdess\u00e4 p\u00e4iv\u00e4hoitohenkil\u00f6kunnan kanssa.<\/p>\n<p><strong>Epidemioista ilmoitamme yleisell\u00e4 ilmoitustaululla.<\/strong><br \/>\nJos lapsi sairastuu kesken p\u00e4iv\u00e4n, on h\u00e4net haettava kotihoitoon. Jos lapsi vahingoittuu p\u00e4iv\u00e4n aikana ja henkil\u00f6kunta arvioi l\u00e4\u00e4k\u00e4rihoidon tarpeelliseksi, lapsi vied\u00e4\u00e4n Mehil\u00e4isen l\u00e4\u00e4k\u00e4riasemalle Kielotielle. Vanhemmille ilmoitetaan asiasta v\u00e4litt\u00f6m\u00e4sti.<\/p>\n<p><strong>Vapaap\u00e4iv\u00e4t ja lomat<\/strong><br \/>\nMik\u00e4li pid\u00e4tte lapsenne kanssa satunnaisia vapaap\u00e4ivi\u00e4, ilmoittakaa niist\u00e4 p\u00e4iv\u00e4kodin henkil\u00f6kunnalle, mielell\u00e4\u00e4n etuk\u00e4teenkin, jos mahdollista. Muistattehan, ett\u00e4 satunnaiset omat lomat eiv\u00e4t v\u00e4henn\u00e4 p\u00e4iv\u00e4kotimaksua.<\/p>\n<p>Loma-ajoilta ja pyhien aatoilta teemme kyselyn hoidon tarpeesta. Kyselyiss\u00e4 ilmoitettu tarve on sitova, sill\u00e4 mitoitamme henkil\u00f6kunnan m\u00e4\u00e4r\u00e4n lapsilukuun ja suunnittelemme ty\u00f6ntekij\u00f6iden lomat ja ylity\u00f6vapaat ilmoitettujen tietojen mukaisesti. Huomioittehan, ett\u00e4 yksityisen\u00e4 p\u00e4iv\u00e4kotina olemme velvollisia hankkimaan lapsellenne sijaishoitopaikan niille loma-ajoille, jolloin Montsa on suljettu. Yksityisen\u00e4 p\u00e4iv\u00e4kotina Montsa maksaa sijaishoitopaikoista erillisen maksun, joka on p\u00e4iv\u00e4kodin normaalikulurakenteelle ylim\u00e4\u00e4r\u00e4inen kuluer\u00e4. T\u00e4st\u00e4 syyst\u00e4 toivomme vanhempien varaavan sijaishoitopaikan ainostaan todellisesta tarpeesta.<br \/>\nSuunnittelup\u00e4iv\u00e4t<\/p>\n<p>P\u00e4iv\u00e4kodin henkil\u00f6kunta pit\u00e4\u00e4 suunnittelup\u00e4iv\u00e4n kerran kev\u00e4\u00e4ll\u00e4 ja kerran syksyll\u00e4. Suunnittelup\u00e4iv\u00e4n\u00e4 p\u00e4iv\u00e4koti on suljettu ja p\u00e4iv\u00e4hinta v\u00e4hennet\u00e4\u00e4n kuukausimaksusta. Vanhemmille ilmoitetaan suunnittelup\u00e4ivien ajankohdista etuk\u00e4teen ja vanhempien tulee varautua lapsen hoitoon muulla tavalla.<\/p>\n<p>&nbsp;<\/p>\n","protected":false},"excerpt":{"rendered":"<p>Pukeutumisesta Lasten vaatteet on nimikoitava, sill\u00e4 p\u00e4iv\u00e4kodin aikuiset eiv\u00e4t v\u00e4ltt\u00e4m\u00e4tt\u00e4 tunnista ja muista mik\u00e4 vaatekappale kuului kellekin lapselle. Nimikoimattomat vaatteet ker\u00e4t\u00e4\u00e4n eteisess\u00e4 olevaan laatikkoon, josta vanhemmat voivat kuukausittain ennen laatikon tyhjennyst\u00e4 k\u00e4yd\u00e4 hakemassa omansa pois. Vaatetus joka s\u00e4\u00e4lle! P\u00e4iv\u00e4kotiin tarvitaan vaatetus joka s\u00e4\u00e4lle. Sis\u00e4vaatteet on oltava erikseen ja varavaatteita on\u2026<\/p>\n<p class=\"continue-reading-button\"> <a class=\"continue-reading-link\" href=\"http:\/\/montsa.com\/?page_id=212\">Continue reading<i class=\"crycon-right-dir\"><\/i><\/a><\/p>\n","protected":false},"author":1,"featured_media":0,"parent":24,"menu_order":0,"comment_status":"closed","ping_status":"open","template":"templates\/template-onecolumn.php","meta":{"footnotes":""},"class_list":["post-212","page","type-page","status-publish","hentry"],"jetpack_sharing_enabled":true,"jetpack_shortlink":"https:\/\/wp.me\/P7gGdc-3q","jetpack-related-posts":[],"_links":{"self":[{"href":"http:\/\/montsa.com\/index.php?rest_route=\/wp\/v2\/pages\/212","targetHints":{"allow":["GET"]}}],"collection":[{"href":"http:\/\/montsa.com\/index.php?rest_route=\/wp\/v2\/pages"}],"about":[{"href":"http:\/\/montsa.com\/index.php?rest_route=\/wp\/v2\/types\/page"}],"author":[{"embeddable":true,"href":"http:\/\/montsa.com\/index.php?rest_route=\/wp\/v2\/users\/1"}],"replies":[{"embeddable":true,"href":"http:\/\/montsa.com\/index.php?rest_route=%2Fwp%2Fv2%2Fcomments&post=212"}],"version-history":[{"count":17,"href":"http:\/\/montsa.com\/index.php?rest_route=\/wp\/v2\/pages\/212\/revisions"}],"predecessor-version":[{"id":297,"href":"http:\/\/montsa.com\/index.php?rest_route=\/wp\/v2\/pages\/212\/revisions\/297"}],"up":[{"embeddable":true,"href":"http:\/\/montsa.com\/index.php?rest_route=\/wp\/v2\/pages\/24"}],"wp:attachment":[{"href":"http:\/\/montsa.com\/index.php?rest_route=%2Fwp%2Fv2%2Fmedia&parent=212"}],"curies":[{"name":"wp","href":"https:\/\/api.w.org\/{rel}","templated":true}]}}