{"id":227,"date":"2014-07-23T16:04:52","date_gmt":"2014-07-23T16:04:52","guid":{"rendered":"http:\/\/montsa.com\/?page_id=227"},"modified":"2017-09-06T17:20:37","modified_gmt":"2017-09-06T14:20:37","slug":"paivan-kulku","status":"publish","type":"page","link":"http:\/\/montsa.com\/?page_id=227","title":{"rendered":"P\u00e4iv\u00e4n kulku"},"content":{"rendered":"<h4>Lepohetki<\/h4>\n<p>Kaikki lapset lep\u00e4\u00e4v\u00e4t p\u00e4iv\u00e4n aikana. Jokaisella lapsella on yksil\u00f6llinen unen tarve. Hoitosuhteen alkaessa ja tilanteen muuttuessa vanhempien kanssa keskustellaan lapsen yksil\u00f6llisest\u00e4 unen tarpeesta. Pienten ryhm\u00e4ss\u00e4 kaikki lapset nukkuvat p\u00e4iv\u00e4unet. Isompien ryhm\u00e4ss\u00e4 vanhemmat voivat valita kahdesta vaihtoehdosta. Lapsille tarjotaan mahdollisuus joko p\u00e4iv\u00e4uniin tai lep\u00e4\u00e4jien rauhottumishetkeen. P\u00e4iv\u00e4kodissa opetetaan lasta kunnioittamaan toisen lepohetke\u00e4, joten sit\u00e4 vietet\u00e4\u00e4n hiljaisuudessa kuunnellen joko musiikkia tai satuja.<\/p>\n<p>P\u00e4iv\u00e4kotiin voi tuoda lepohetke\u00e4 vasten r\u00e4tin tai unilelun; mutta on muistettava, ett\u00e4 unilelut ja tutit s\u00e4ilytet\u00e4\u00e4n p\u00e4iv\u00e4kodissa koko viikon ajan. Ne vied\u00e4\u00e4n kotiin pest\u00e4viksi vain perjantaisin. T\u00e4m\u00e4 on j\u00e4lleen yksi keino tartuntatautien v\u00e4ltt\u00e4miseksi.<\/p>\n<h4>Ruokailu<\/h4>\n<p>P\u00e4iv\u00e4kodissa tarjotaan kokop\u00e4iv\u00e4isille lapsille aamupala, lounas ja v\u00e4lipala. Osap\u00e4iv\u00e4isille lapsille tarjotaan lounas.<\/p>\n<p><strong>Aamupala<\/strong><br \/>\nAamupala tarjotaan klo 8.00-8.30. On eritt\u00e4in t\u00e4rke\u00e4\u00e4, ett\u00e4 lapsi tuodaan aamupalle riitt\u00e4v\u00e4n ajoissa tai vanhemman on huolehdittava, ett\u00e4 lapsi sy\u00f6 kotona. Aamupalat valmistetaan p\u00e4iv\u00e4kodissa ja ne koostuvat vaihtelevasti puurosta, leiv\u00e4st\u00e4, leikkeleest\u00e4 ja tuorepalasta ja juomasta.<\/p>\n<p><strong><br \/>\n<img data-recalc-dims=\"1\" loading=\"lazy\" decoding=\"async\" data-attachment-id=\"268\" data-permalink=\"http:\/\/montsa.com\/?attachment_id=268\" data-orig-file=\"https:\/\/i0.wp.com\/montsa.com\/wp-content\/uploads\/2014\/07\/img_ruokailu1.jpg?fit=800%2C529\" data-orig-size=\"800,529\" data-comments-opened=\"0\" data-image-meta=\"{&quot;aperture&quot;:&quot;0&quot;,&quot;credit&quot;:&quot;&quot;,&quot;camera&quot;:&quot;&quot;,&quot;caption&quot;:&quot;&quot;,&quot;created_timestamp&quot;:&quot;0&quot;,&quot;copyright&quot;:&quot;&quot;,&quot;focal_length&quot;:&quot;0&quot;,&quot;iso&quot;:&quot;0&quot;,&quot;shutter_speed&quot;:&quot;0&quot;,&quot;title&quot;:&quot;&quot;}\" data-image-title=\"img_ruokailu\" data-image-description=\"\" data-image-caption=\"\" data-large-file=\"https:\/\/i0.wp.com\/montsa.com\/wp-content\/uploads\/2014\/07\/img_ruokailu1.jpg?fit=800%2C529\" class=\"alignleft wp-image-268\" src=\"https:\/\/i0.wp.com\/montsa.com\/wp-content\/uploads\/2014\/07\/img_ruokailu1.jpg?resize=600%2C397\" alt=\"img_ruokailu\" width=\"600\" height=\"397\" srcset=\"https:\/\/i0.wp.com\/montsa.com\/wp-content\/uploads\/2014\/07\/img_ruokailu1.jpg?w=800 800w, https:\/\/i0.wp.com\/montsa.com\/wp-content\/uploads\/2014\/07\/img_ruokailu1.jpg?resize=600%2C396 600w, https:\/\/i0.wp.com\/montsa.com\/wp-content\/uploads\/2014\/07\/img_ruokailu1.jpg?resize=226%2C150 226w, https:\/\/i0.wp.com\/montsa.com\/wp-content\/uploads\/2014\/07\/img_ruokailu1.jpg?resize=150%2C99 150w\" sizes=\"auto, (max-width: 600px) 100vw, 600px\" \/>Kaikki tarjottavat ateriat ja v\u00e4lipalat<\/strong> valmistetaan Montsan omassa keitti\u00f6ss\u00e4. Lounaalla lapselle tarjotaan l\u00e4mpim\u00e4n aterian lis\u00e4ksi salaattia, leip\u00e4\u00e4 ja maitoa. Isojen ryhm\u00e4n lapset saavat annostella ruokansa itse aikuisen valvonnassa. Lapsia ohjataan ottamaan ja kannustetaan maistamaan my\u00f6s kaikkia ruokalajeja. T\u00e4hteeksi j\u00e4\u00e4neen ruoan lapsi voi tuoda j\u00e4teastiaan.<\/p>\n<p><strong>Allergiat ja erityisruokavaliot<\/strong><br \/>\nP\u00e4iv\u00e4kodissa huomioidaan lasten allergioista tai uskonnollisesta vakaumuksesta johtuvat erityisruokavaliot. Allergioista tulee ilmoittaa p\u00e4iv\u00e4kodin henkil\u00f6kunnalle l\u00e4\u00e4k\u00e4rintodistuksella. Uskonnollisesta vakaumuksesta johtuvista erityisruokavalioista ja muista ruokailuun liittyvist\u00e4 erityisj\u00e4rjestelyist\u00e4 tulee sopia p\u00e4iv\u00e4kodin henkil\u00f6kunnan kanssa.<\/p>\n<p><strong>K\u00e4sihygienia ja hampaiden hyvinvointi<\/strong><br \/>\nKiinnit\u00e4mme p\u00e4iv\u00e4kodissa erityist\u00e4 huomiota lasten k\u00e4sihygieniaan ennen ruokailun aloittamista. Lapset ohjataan k\u00e4sienpesulle ja t\u00e4m\u00e4n lis\u00e4ksi lasten k\u00e4det desinfioidaan. Huolehdimme my\u00f6s hampaiden hyvinvoinnista. Aamupalan, lounaan ja v\u00e4lipalan j\u00e4lkeen lapsille jaetaan xylitol-tabletit. Tabletit ovat imeskelt\u00e4vi\u00e4, pureskeltavia ja nielt\u00e4vi\u00e4.<\/p>\n<h4>Voimistelu ja ulkoliikunta<\/h4>\n<p>Jumppa on kerran viikossa. Sis\u00e4jumppaan on lapsella oltava omat erilliset jumppavaatteet. Jumpassa lapset ovat paljain jaloin. Ulkoliikuntaan my\u00f6s hyv\u00e4t ulkoiluvaatteet ja jalkineet.<\/p>\n<h4>Vihannesten ja kasvisten tuontivuorot<\/h4>\n<p>Luokkahuoneiden valmistellussa ymp\u00e4rist\u00f6ss\u00e4 on k\u00e4yt\u00e4nn\u00f6n el\u00e4m\u00e4n t\u00f6it\u00e4, joissa lapset saavat mm. kuoria ja pilkkoa hedelmi\u00e4 ja vihanneksia tai valmistaa mehua sitrushedelmist\u00e4. Tallaista ty\u00f6t\u00e4 tehnyt lapsi tarjoilee valmistamansa annoksen valitsemalleen kaverille.<\/p>\n<p>N\u00e4it\u00e4 t\u00f6it\u00e4 varten pyyd\u00e4mme vanhempia vuorollaan tuomaan tarvittavia hedelmi\u00e4 ja vihanneksia noin 1 kg kerrallaan. Tuontivuoroja on lukuvuoden aikana kaksi kutakin omaa lastan kohden. Ryhmien ilmoitustaululla on lista tuontivuoroista ja tarvittavista vihanneksista ja hedelmist\u00e4. Toivomme, ett\u00e4 vihannekset ja kasvikset tuodaan p\u00e4iv\u00e4kotiin maanantaina.<\/p>\n<h4><img data-recalc-dims=\"1\" loading=\"lazy\" decoding=\"async\" data-attachment-id=\"276\" data-permalink=\"http:\/\/montsa.com\/?attachment_id=276\" data-orig-file=\"https:\/\/i0.wp.com\/montsa.com\/wp-content\/uploads\/2014\/07\/img_aikuinen.jpg?fit=800%2C450\" data-orig-size=\"800,450\" data-comments-opened=\"0\" data-image-meta=\"{&quot;aperture&quot;:&quot;0&quot;,&quot;credit&quot;:&quot;&quot;,&quot;camera&quot;:&quot;&quot;,&quot;caption&quot;:&quot;&quot;,&quot;created_timestamp&quot;:&quot;0&quot;,&quot;copyright&quot;:&quot;&quot;,&quot;focal_length&quot;:&quot;0&quot;,&quot;iso&quot;:&quot;0&quot;,&quot;shutter_speed&quot;:&quot;0&quot;,&quot;title&quot;:&quot;&quot;}\" data-image-title=\"img_aikuinen\" data-image-description=\"\" data-image-caption=\"\" data-large-file=\"https:\/\/i0.wp.com\/montsa.com\/wp-content\/uploads\/2014\/07\/img_aikuinen.jpg?fit=800%2C450\" class=\"alignright wp-image-276 size-medium\" src=\"https:\/\/i0.wp.com\/montsa.com\/wp-content\/uploads\/2014\/07\/img_aikuinen.jpg?resize=600%2C337\" alt=\"img_aikuinen\" width=\"600\" height=\"337\" srcset=\"https:\/\/i0.wp.com\/montsa.com\/wp-content\/uploads\/2014\/07\/img_aikuinen.jpg?resize=600%2C337 600w, https:\/\/i0.wp.com\/montsa.com\/wp-content\/uploads\/2014\/07\/img_aikuinen.jpg?resize=250%2C140 250w, https:\/\/i0.wp.com\/montsa.com\/wp-content\/uploads\/2014\/07\/img_aikuinen.jpg?resize=150%2C84 150w, https:\/\/i0.wp.com\/montsa.com\/wp-content\/uploads\/2014\/07\/img_aikuinen.jpg?w=800 800w\" sizes=\"auto, (max-width: 600px) 100vw, 600px\" \/>Aikuisten rooli luokassa<\/h4>\n<p>Montessoriluokassa aikuisen keskisimm\u00e4t teht\u00e4v\u00e4t on valmistella luokkaymp\u00e4rist\u00f6 mahdollisimman valmiiksi lapsen omatoimiselle toiminnalle, havainnoida lapsia ja heid\u00e4n kiinnostuksensa kohteita sek\u00e4 ohjata lasta h\u00e4nen kehitystasonsa ja kiinnostuksensa mukaisiin t\u00f6ihin. Toiminnallaan aikuinen mahdollistaa lapsille ty\u00f6skentelyrauhan ja motivoituneen oppimisymp\u00e4rist\u00f6n. Aikuinen on passiivisesti aktiivinen.<\/p>\n<p>&nbsp;<\/p>\n","protected":false},"excerpt":{"rendered":"<p>Lepohetki Kaikki lapset lep\u00e4\u00e4v\u00e4t p\u00e4iv\u00e4n aikana. Jokaisella lapsella on yksil\u00f6llinen unen tarve. Hoitosuhteen alkaessa ja tilanteen muuttuessa vanhempien kanssa keskustellaan lapsen yksil\u00f6llisest\u00e4 unen tarpeesta. Pienten ryhm\u00e4ss\u00e4 kaikki lapset nukkuvat p\u00e4iv\u00e4unet. Isompien ryhm\u00e4ss\u00e4 vanhemmat voivat valita kahdesta vaihtoehdosta. Lapsille tarjotaan mahdollisuus joko p\u00e4iv\u00e4uniin tai lep\u00e4\u00e4jien rauhottumishetkeen. P\u00e4iv\u00e4kodissa opetetaan lasta kunnioittamaan toisen\u2026<\/p>\n<p class=\"continue-reading-button\"> <a class=\"continue-reading-link\" href=\"http:\/\/montsa.com\/?page_id=227\">Continue reading<i class=\"crycon-right-dir\"><\/i><\/a><\/p>\n","protected":false},"author":1,"featured_media":0,"parent":24,"menu_order":0,"comment_status":"closed","ping_status":"open","template":"templates\/template-onecolumn.php","meta":{"footnotes":""},"class_list":["post-227","page","type-page","status-publish","hentry"],"jetpack_sharing_enabled":true,"jetpack_shortlink":"https:\/\/wp.me\/P7gGdc-3F","jetpack-related-posts":[],"_links":{"self":[{"href":"http:\/\/montsa.com\/index.php?rest_route=\/wp\/v2\/pages\/227","targetHints":{"allow":["GET"]}}],"collection":[{"href":"http:\/\/montsa.com\/index.php?rest_route=\/wp\/v2\/pages"}],"about":[{"href":"http:\/\/montsa.com\/index.php?rest_route=\/wp\/v2\/types\/page"}],"author":[{"embeddable":true,"href":"http:\/\/montsa.com\/index.php?rest_route=\/wp\/v2\/users\/1"}],"replies":[{"embeddable":true,"href":"http:\/\/montsa.com\/index.php?rest_route=%2Fwp%2Fv2%2Fcomments&post=227"}],"version-history":[{"count":15,"href":"http:\/\/montsa.com\/index.php?rest_route=\/wp\/v2\/pages\/227\/revisions"}],"predecessor-version":[{"id":567,"href":"http:\/\/montsa.com\/index.php?rest_route=\/wp\/v2\/pages\/227\/revisions\/567"}],"up":[{"embeddable":true,"href":"http:\/\/montsa.com\/index.php?rest_route=\/wp\/v2\/pages\/24"}],"wp:attachment":[{"href":"http:\/\/montsa.com\/index.php?rest_route=%2Fwp%2Fv2%2Fmedia&parent=227"}],"curies":[{"name":"wp","href":"https:\/\/api.w.org\/{rel}","templated":true}]}}