{"id":235,"date":"2014-07-23T16:14:49","date_gmt":"2014-07-23T16:14:49","guid":{"rendered":"http:\/\/montsa.com\/?page_id=235"},"modified":"2021-03-08T20:46:53","modified_gmt":"2021-03-08T18:46:53","slug":"paivakodin-ja-vanhempien-valinen-suhde","status":"publish","type":"page","link":"http:\/\/montsa.com\/?page_id=235","title":{"rendered":"P\u00e4iv\u00e4kodin ja vanhempien v\u00e4linen suhde"},"content":{"rendered":"<h4>Vanhemmat havannoimassa<\/h4>\n<p>Vanhemman on hyv\u00e4 k\u00e4yd\u00e4 havainnoimassa lapsensa ty\u00f6skentely\u00e4 kerran lukuvuodessa. P\u00e4iv\u00e4koti on suuri osa lapsen el\u00e4m\u00e4\u00e4 ja vanhemmalla on t\u00e4ll\u00e4 tavoin harvinainen mahdollisuus p\u00e4\u00e4st\u00e4 n\u00e4kem\u00e4\u00e4n mit\u00e4 se aidoimmillaan on. Samalla se helpottaa lapsen ja aikuisen komminikointi p\u00e4iv\u00e4kodin asioista puhuttaessa. Vanhemmat varaavat aamup\u00e4iv\u00e4n vierailulleen. Luokassa voi olla yksi vanhempi kerrallaan havainnoimassa. H\u00e4n saa henkil\u00f6kunnalta ohjeet havainnointiin. Vierailu on lasten toiminnan seuraamista, ei siis itse osallistuta toimintaan.<\/p>\n<h4>Yhteisty\u00f6 vanhempien kanssa<\/h4>\n<p><strong>Tavoitteena kasvatuskumppanuus<\/strong><br \/>Onnistuneen kasvatuksen ja opetuksen edellytyksen\u00e4 on kasvatuskumppanuus vanhempien ja henkil\u00f6kunnan v\u00e4lill\u00e4. Vanhemmat tuntevat oman lapsensa ja heill\u00e4 on ensisijainen kasvatusoikeus ja -vastuu. Henkil\u00f6kunta antaa ammattitaidollaan p\u00e4ivitt\u00e4isen tukensa lapsen kehitykselle ja kasvulle unohtamatta vanhempien asiantuntijuutta omaan lapseensa. He luovat my\u00f6s edellytykset tasavertaiselle yhteisty\u00f6lle.<\/p>\n<p><strong>P\u00e4ivitt\u00e4iset keskustelut ja kasvatuskeskustelut<\/strong><br \/>Kasvatuskumppanuus toteutuu p\u00e4ivitt\u00e4isiss\u00e4 keskusteluissa lapsen asiosta vanhempien ja henkil\u00f6kunnan kanssa. Perheelle j\u00e4rjestet\u00e4\u00e4n kasvatuskeskustelu syksyisin lapsen kasvamiseen ja kehittymiseen liittyvist\u00e4 asioista. Asetettuja tavoitteita pyrit\u00e4\u00e4n arvioimaan kev\u00e4isin arviointikeskusteluissa.<\/p>\n<p>P\u00e4iv\u00e4kotimme henkil\u00f6kuntaa sitoo salassapitovelvollisuus (laki 710\/1982, 8. luku). Emme keskustele lastenne koskevista henkil\u00f6kohtaisista asioista toisten vanhempien tai lasten kuullen. Joskus haku- ja tuontitilanteet ovat sellaisia, ett\u00e4 ohjaajan ei ole mahdollista irrottautua lapsiryhm\u00e4st\u00e4 ja keskustella kanssanne lasten valvonnallisista tai ohjauksellisista syist\u00e4. Toivomme, ett\u00e4 t\u00e4llaisissa tapauksissa voimme soittaa teille tai sopia tapaamisajan keskustelua varten.<\/p>\n<h4>Tiedonkulku p\u00e4iv\u00e4kodin ja vanhempien v\u00e4lill\u00e4<\/h4>\n<p>P\u00e4iv\u00e4kodin yleiset asiat ja kannatusyhdistyksen asiat l\u00f6ytyv\u00e4t eteisen ilmoitustaululta. Ryhmi\u00e4 koskevat asiat l\u00f6ytyv\u00e4t luokkatilojen vierest\u00e4. Nettisivuilla on viikon ruokalista ja eteisen ilmoitustaululla on v\u00e4lipalalista.<\/p>\n<p>Huomioithan, ett\u00e4 mik\u00e4li sinulla on asiaa p\u00e4iv\u00e4kotiin, henkil\u00f6kunta ei p\u00e4\u00e4se puhelimeen lasten ty\u00f6skentelyaikana. Parhaiten tavoitat henkil\u00f6kunnan puhelimitse klo 12-14 v\u00e4lill\u00e4.<\/p>\n<p><strong>Ilmoitustaulu<\/strong><br \/>Montsan eteisess\u00e4 on ilmoitustaulu, jossa julkaisemme yleisi\u00e4 tiedotteita sek\u00e4 Montsasta ett\u00e4 kaupungilta. Lis\u00e4ksi meill\u00e4 on ollut tapana tiedottaa my\u00f6s ulko-ovessa ja sen edustalla mahdollisimman hyvin vanhempien huomion kiinnitt\u00e4v\u00e4ss\u00e4 paikassa.<\/p>\n<p><strong> Lokerotiedottaminen<\/strong><br \/>Jotkin asiat vaativat varmistuksen viestin perillemenosta. T\u00e4ll\u00f6in j\u00e4t\u00e4mme lapsen omaan lokerikkoon viestin vanhemmille. Luottamukselliset viestit ovat joko kirjekuoressa tai henkil\u00f6kohtaisesti vanhemmille saatettuja.<\/p>\n<p><strong>S\u00e4hk\u00f6postitiedottaminen<\/strong><br \/>Vanhempien tulee huolehtia siit\u00e4, ett\u00e4 heid\u00e4t saavuttava s\u00e4hk\u00f6postiosoite on Montsan tiedossa. S\u00e4hk\u00f6postiosoite on ainoastaan p\u00e4iv\u00e4kodinjohtajan sek\u00e4 hallituksen tiedossa eik\u00e4 sit\u00e4 k\u00e4ytet\u00e4 mink\u00e4\u00e4nlaiseen markkinointitarpeeseen. P\u00e4iv\u00e4kodinjohtaja tiedottaa s\u00e4hk\u00f6postitse esim. p\u00e4iv\u00e4kodin retkist\u00e4. S\u00e4hk\u00f6postitietojen p\u00e4ivitt\u00e4minen johtaja@montsa.com<\/p>\n<p><strong>Vanhempainillat<\/strong><br \/>Vanhempainilta j\u00e4rjestet\u00e4\u00e4n kerran kev\u00e4\u00e4ll\u00e4 ja kerran syksyll\u00e4. Toivomme vanhempien osallistuvan aktiivisesti vanhempainiltoihin, koska silloin p\u00e4\u00e4sette kuulemaan henkil\u00f6kohtaisesti p\u00e4iv\u00e4kodin tapahtumista, lasten arjesta sek\u00e4 tulevista asioista. Vanhempainiltojen ajankohdasta tiedotetaan etuk\u00e4teen sek\u00e4 nettisivuilla ett\u00e4 p\u00e4iv\u00e4kodin ilmoitustaululla.<\/p>\n<p><strong>Kannatusyhdistyksen s\u00e4\u00e4nt\u00f6m\u00e4\u00e4r\u00e4iset kokoukset<\/strong><br \/>Kannatusyhdistyksen s\u00e4\u00e4nt\u00f6m\u00e4\u00e4r\u00e4iset kokoukset pidet\u00e4\u00e4n kaksi kertaa vuodessa (syys- ja kev\u00e4tkokous).<\/p>\n\n\n<p><\/p>\n","protected":false},"excerpt":{"rendered":"<p>Vanhemmat havannoimassa Vanhemman on hyv\u00e4 k\u00e4yd\u00e4 havainnoimassa lapsensa ty\u00f6skentely\u00e4 kerran lukuvuodessa. P\u00e4iv\u00e4koti on suuri osa lapsen el\u00e4m\u00e4\u00e4 ja vanhemmalla on t\u00e4ll\u00e4 tavoin harvinainen mahdollisuus p\u00e4\u00e4st\u00e4 n\u00e4kem\u00e4\u00e4n mit\u00e4 se aidoimmillaan on. Samalla se helpottaa lapsen ja aikuisen komminikointi p\u00e4iv\u00e4kodin asioista puhuttaessa. Vanhemmat varaavat aamup\u00e4iv\u00e4n vierailulleen. Luokassa voi olla yksi vanhempi kerrallaan\u2026<\/p>\n<p class=\"continue-reading-button\"> <a class=\"continue-reading-link\" href=\"http:\/\/montsa.com\/?page_id=235\">Continue reading<i class=\"crycon-right-dir\"><\/i><\/a><\/p>\n","protected":false},"author":1,"featured_media":0,"parent":24,"menu_order":0,"comment_status":"closed","ping_status":"open","template":"templates\/template-onecolumn.php","meta":{"footnotes":""},"class_list":["post-235","page","type-page","status-publish","hentry"],"jetpack_sharing_enabled":true,"jetpack_shortlink":"https:\/\/wp.me\/P7gGdc-3N","jetpack-related-posts":[],"_links":{"self":[{"href":"http:\/\/montsa.com\/index.php?rest_route=\/wp\/v2\/pages\/235","targetHints":{"allow":["GET"]}}],"collection":[{"href":"http:\/\/montsa.com\/index.php?rest_route=\/wp\/v2\/pages"}],"about":[{"href":"http:\/\/montsa.com\/index.php?rest_route=\/wp\/v2\/types\/page"}],"author":[{"embeddable":true,"href":"http:\/\/montsa.com\/index.php?rest_route=\/wp\/v2\/users\/1"}],"replies":[{"embeddable":true,"href":"http:\/\/montsa.com\/index.php?rest_route=%2Fwp%2Fv2%2Fcomments&post=235"}],"version-history":[{"count":3,"href":"http:\/\/montsa.com\/index.php?rest_route=\/wp\/v2\/pages\/235\/revisions"}],"predecessor-version":[{"id":742,"href":"http:\/\/montsa.com\/index.php?rest_route=\/wp\/v2\/pages\/235\/revisions\/742"}],"up":[{"embeddable":true,"href":"http:\/\/montsa.com\/index.php?rest_route=\/wp\/v2\/pages\/24"}],"wp:attachment":[{"href":"http:\/\/montsa.com\/index.php?rest_route=%2Fwp%2Fv2%2Fmedia&parent=235"}],"curies":[{"name":"wp","href":"https:\/\/api.w.org\/{rel}","templated":true}]}}