{"id":24,"date":"2014-05-07T20:19:18","date_gmt":"2014-05-07T18:19:18","guid":{"rendered":"http:\/\/hirsimaki.net\/montsa\/?page_id=24"},"modified":"2014-05-07T20:19:18","modified_gmt":"2014-05-07T18:19:18","slug":"vanhemmille","status":"publish","type":"page","link":"http:\/\/montsa.com\/?page_id=24","title":{"rendered":"Vanhemmille"},"content":{"rendered":"<p><strong>Montessori kotona<\/strong><br \/>\nVinkkej\u00e4 miten auttaa lasta omatoimisuuteen kotona:<strong><br \/>\n<\/strong><\/p>\n<p><img data-recalc-dims=\"1\" loading=\"lazy\" decoding=\"async\" data-attachment-id=\"166\" data-permalink=\"http:\/\/montsa.com\/?attachment_id=166\" data-orig-file=\"https:\/\/i0.wp.com\/montsa.com\/wp-content\/uploads\/2014\/05\/DSC_0472.jpg?fit=2896%2C1944\" data-orig-size=\"2896,1944\" data-comments-opened=\"0\" data-image-meta=\"{&quot;aperture&quot;:&quot;5.3&quot;,&quot;credit&quot;:&quot;&quot;,&quot;camera&quot;:&quot;NIKON D3000&quot;,&quot;caption&quot;:&quot;&quot;,&quot;created_timestamp&quot;:&quot;1399375675&quot;,&quot;copyright&quot;:&quot;&quot;,&quot;focal_length&quot;:&quot;48&quot;,&quot;iso&quot;:&quot;360&quot;,&quot;shutter_speed&quot;:&quot;0.033333333333333&quot;,&quot;title&quot;:&quot;&quot;}\" data-image-title=\"DSC_0472\" data-image-description=\"\" data-image-caption=\"\" data-large-file=\"https:\/\/i0.wp.com\/montsa.com\/wp-content\/uploads\/2014\/05\/DSC_0472.jpg?fit=840%2C564\" class=\"alignright wp-image-166 size-medium\" src=\"https:\/\/i0.wp.com\/montsa.com\/wp-content\/uploads\/2014\/05\/DSC_0472.jpg?resize=600%2C402\" alt=\"DSC_0472\" width=\"600\" height=\"402\" \/><\/p>\n<ul>\n<li>J\u00e4rjest\u00e4 lapsen arkeen liittyv\u00e4t asiat h\u00e4nen saatavilleen.<\/li>\n<li>Naulakot matalalle, vaatekaapit helposti avattavaksi, kirjat alahyllylle, omat ruokailuastiat saataville jne.<\/li>\n<li>Valitse lapselle omatoimisuutta edist\u00e4vi\u00e4 vaatteita esim. tarrakeng\u00e4t ja muita helposti puettavia vaatteita.<\/li>\n<li>Laita lapselle esiin tarvittava m\u00e4\u00e4r\u00e4 leluja ja tavaroita, joille osoitat selke\u00e4t paikat. N\u00e4in ne ovat lapselle helppo hakea ja palauttaa.<\/li>\n<li>Aseta peilej\u00e4 my\u00f6s lapsen tasolle, jotta h\u00e4n voi itse pit\u00e4\u00e4 huolta siisteydest\u00e4\u00e4n.<\/li>\n<li>Varaa lapselle kymmenkertainen aika arkirutiinien toimittamiseen.<\/li>\n<li>Rakenna maailma h\u00e4nen kokoiselleen ja kykyiselleen mahdolliseksi.<\/li>\n<\/ul>\n<p>&nbsp;<\/p>\n","protected":false},"excerpt":{"rendered":"<p>Montessori kotona Vinkkej\u00e4 miten auttaa lasta omatoimisuuteen kotona: J\u00e4rjest\u00e4 lapsen arkeen liittyv\u00e4t asiat h\u00e4nen saatavilleen. Naulakot matalalle, vaatekaapit helposti avattavaksi, kirjat alahyllylle, omat ruokailuastiat saataville jne. Valitse lapselle omatoimisuutta edist\u00e4vi\u00e4 vaatteita esim. tarrakeng\u00e4t ja muita helposti puettavia vaatteita. Laita lapselle esiin tarvittava m\u00e4\u00e4r\u00e4 leluja ja tavaroita, joille osoitat selke\u00e4t paikat.\u2026<\/p>\n<p class=\"continue-reading-button\"> <a class=\"continue-reading-link\" href=\"http:\/\/montsa.com\/?page_id=24\">Continue reading<i class=\"crycon-right-dir\"><\/i><\/a><\/p>\n","protected":false},"author":1,"featured_media":0,"parent":0,"menu_order":0,"comment_status":"closed","ping_status":"closed","template":"templates\/template-onecolumn.php","meta":{"footnotes":""},"class_list":["post-24","page","type-page","status-publish","hentry"],"jetpack_sharing_enabled":true,"jetpack_shortlink":"https:\/\/wp.me\/P7gGdc-o","jetpack-related-posts":[],"_links":{"self":[{"href":"http:\/\/montsa.com\/index.php?rest_route=\/wp\/v2\/pages\/24","targetHints":{"allow":["GET"]}}],"collection":[{"href":"http:\/\/montsa.com\/index.php?rest_route=\/wp\/v2\/pages"}],"about":[{"href":"http:\/\/montsa.com\/index.php?rest_route=\/wp\/v2\/types\/page"}],"author":[{"embeddable":true,"href":"http:\/\/montsa.com\/index.php?rest_route=\/wp\/v2\/users\/1"}],"replies":[{"embeddable":true,"href":"http:\/\/montsa.com\/index.php?rest_route=%2Fwp%2Fv2%2Fcomments&post=24"}],"version-history":[{"count":0,"href":"http:\/\/montsa.com\/index.php?rest_route=\/wp\/v2\/pages\/24\/revisions"}],"wp:attachment":[{"href":"http:\/\/montsa.com\/index.php?rest_route=%2Fwp%2Fv2%2Fmedia&parent=24"}],"curies":[{"name":"wp","href":"https:\/\/api.w.org\/{rel}","templated":true}]}}