{"id":48,"date":"2014-05-07T22:29:00","date_gmt":"2014-05-07T20:29:00","guid":{"rendered":"http:\/\/hirsimaki.net\/montsa\/?page_id=48"},"modified":"2022-04-27T18:59:41","modified_gmt":"2022-04-27T15:59:41","slug":"yhteystiedot","status":"publish","type":"page","link":"http:\/\/montsa.com\/?page_id=48","title":{"rendered":"Yhteystiedot"},"content":{"rendered":"<p><img data-recalc-dims=\"1\" loading=\"lazy\" decoding=\"async\" data-attachment-id=\"107\" data-permalink=\"http:\/\/montsa.com\/?attachment_id=107\" data-orig-file=\"https:\/\/i0.wp.com\/montsa.com\/wp-content\/uploads\/2014\/05\/DSC_0285.jpg?fit=2896%2C1944\" data-orig-size=\"2896,1944\" data-comments-opened=\"0\" data-image-meta=\"{&quot;aperture&quot;:&quot;7.1&quot;,&quot;credit&quot;:&quot;&quot;,&quot;camera&quot;:&quot;NIKON D3000&quot;,&quot;caption&quot;:&quot;&quot;,&quot;created_timestamp&quot;:&quot;1399373381&quot;,&quot;copyright&quot;:&quot;&quot;,&quot;focal_length&quot;:&quot;18&quot;,&quot;iso&quot;:&quot;100&quot;,&quot;shutter_speed&quot;:&quot;0.005&quot;,&quot;title&quot;:&quot;&quot;}\" data-image-title=\"DSC_0285\" data-image-description=\"\" data-image-caption=\"\" data-large-file=\"https:\/\/i0.wp.com\/montsa.com\/wp-content\/uploads\/2014\/05\/DSC_0285.jpg?fit=840%2C564\" class=\"alignright wp-image-107 size-medium\" src=\"https:\/\/i0.wp.com\/montsa.com\/wp-content\/uploads\/2014\/05\/DSC_0285.jpg?resize=600%2C402\" alt=\"DSC_0285\" width=\"600\" height=\"402\" \/><\/p>\n<p><strong>Montessorip\u00e4iv\u00e4koti Montsa<\/strong><br \/>\nKuninkaalantie 2<br \/>\n01300 VANTAA<\/p>\n<p>Puh: 041 528 7860<\/p>\n<p>Aukioloajat: arkena 07:15 &#8211; 17:00<\/p>\n<p><strong><em>P\u00e4iv\u00e4kodinjohtaja:<\/em><\/strong><\/p>\n<p>Puh: 0400 286 292 (soittoaika arkisin klo 12:30-14:00)<br \/>\njohtaja(at)montsa.com<\/p>\n<p><em><strong>Laskutus:<\/strong><\/em><\/p>\n<p>OVT: 003708827774<br \/>\nMaventa (003721291126)<\/p>\n","protected":false},"excerpt":{"rendered":"<p>Montessorip\u00e4iv\u00e4koti Montsa Kuninkaalantie 2 01300 VANTAA Puh: 041 528 7860 Aukioloajat: arkena 07:15 &#8211; 17:00 P\u00e4iv\u00e4kodinjohtaja: Puh: 0400 286 292 (soittoaika arkisin klo 12:30-14:00) johtaja(at)montsa.com Laskutus: OVT: 003708827774 Maventa (003721291126)<\/p>\n<p class=\"continue-reading-button\"> <a class=\"continue-reading-link\" href=\"http:\/\/montsa.com\/?page_id=48\">Continue reading<i class=\"crycon-right-dir\"><\/i><\/a><\/p>\n","protected":false},"author":1,"featured_media":0,"parent":0,"menu_order":0,"comment_status":"closed","ping_status":"closed","template":"templates\/template-onecolumn.php","meta":{"footnotes":""},"class_list":["post-48","page","type-page","status-publish","hentry"],"jetpack_sharing_enabled":true,"jetpack_shortlink":"https:\/\/wp.me\/P7gGdc-M","jetpack-related-posts":[],"_links":{"self":[{"href":"http:\/\/montsa.com\/index.php?rest_route=\/wp\/v2\/pages\/48","targetHints":{"allow":["GET"]}}],"collection":[{"href":"http:\/\/montsa.com\/index.php?rest_route=\/wp\/v2\/pages"}],"about":[{"href":"http:\/\/montsa.com\/index.php?rest_route=\/wp\/v2\/types\/page"}],"author":[{"embeddable":true,"href":"http:\/\/montsa.com\/index.php?rest_route=\/wp\/v2\/users\/1"}],"replies":[{"embeddable":true,"href":"http:\/\/montsa.com\/index.php?rest_route=%2Fwp%2Fv2%2Fcomments&post=48"}],"version-history":[{"count":5,"href":"http:\/\/montsa.com\/index.php?rest_route=\/wp\/v2\/pages\/48\/revisions"}],"predecessor-version":[{"id":886,"href":"http:\/\/montsa.com\/index.php?rest_route=\/wp\/v2\/pages\/48\/revisions\/886"}],"wp:attachment":[{"href":"http:\/\/montsa.com\/index.php?rest_route=%2Fwp%2Fv2%2Fmedia&parent=48"}],"curies":[{"name":"wp","href":"https:\/\/api.w.org\/{rel}","templated":true}]}}