{"id":178,"date":"2014-06-18T22:24:27","date_gmt":"2014-06-18T20:24:27","guid":{"rendered":"http:\/\/hirsimaki.net\/montsa\/?page_id=178"},"modified":"2023-03-21T13:10:36","modified_gmt":"2023-03-21T11:10:36","slug":"yhdistyksen-saannot","status":"publish","type":"page","link":"https:\/\/montsa.com\/?page_id=178","title":{"rendered":"Yhdistyksen s\u00e4\u00e4nn\u00f6t"},"content":{"rendered":"\n<p>Voimassaolevat s\u00e4\u00e4nn\u00f6t: 21.03.2023 <\/p>\n\n\n\n<p><br>1 \u00a7 Yhdistyksen nimi ja kotipaikka<br>Yhdistyksen nimi on Vantaan Montessorikoulu Montsan kannatusyhdistys ry. Yhdistyksen kotipaikka on Vantaan kaupunki.<\/p>\n\n\n\n<p>2 \u00a7 Tarkoitus ja toiminnan laatu<br>Yhdistyksen tarkoituksena on edist\u00e4\u00e4 lasten oikeuksien huomioimista ja toteutumista yhteiskunnassa riippumatta etnisest\u00e4 taustasta,uskonnosta, sukupuolesta, seksuaalisesta suuntautumisesta tai<br>poliittisesta vakaumuksesta. Yhdistys on puoluepoliittisesti ja<br>ideologisesti sitoutumaton.<br>Tarkoituksensa toteuttamiseksi yhdistys:<\/p>\n\n\n\n<ol class=\"wp-block-list\">\n<li>pyrkii levitt\u00e4m\u00e4\u00e4n tietoa lapsen fyysisest\u00e4, henkisest\u00e4 ja<br>sosiaalisesta kehityksest\u00e4<\/li>\n\n\n\n<li>pyrkii tekem\u00e4\u00e4n tunnetuksi Suomessa tohtori Maria Montessorin<br>kehitt\u00e4mi\u00e4 opetusmenetelmi\u00e4 sek\u00e4 edist\u00e4m\u00e4\u00e4n niiden soveltamista,<br>k\u00e4ytt\u00f6\u00e4 ja edelleen kehitt\u00e4mist\u00e4<\/li>\n\n\n\n<li>voi hankkia opetusmenetelmien edellytt\u00e4mi\u00e4 v\u00e4lineit\u00e4<\/li>\n\n\n\n<li>voi j\u00e4rjest\u00e4\u00e4 Montessori-menetelm\u00e4\u00e4n ja sen tukemiseen liittyvi\u00e4<br>tilaisuuksia<\/li>\n\n\n\n<li>voi j\u00e4rjest\u00e4\u00e4 lapsille ohjattua viriketoimintaa<\/li>\n\n\n\n<li>voi suunnitella ja j\u00e4rjest\u00e4\u00e4 koulutustilaisuuksia<\/li>\n\n\n\n<li>voi jakaa stipendej\u00e4 ja apurahoja<\/li>\n\n\n\n<li>pyrkii hoitamaan ja yll\u00e4pit\u00e4m\u00e4\u00e4n yhteyksi\u00e4 alan j\u00e4rjest\u00f6ihin ja<br>yhdistyksiin sek\u00e4 muihin tarpeellisiin elimiin<\/li>\n\n\n\n<li>hyv\u00e4ksyy Montessori Association Internationale:n periaatteet ja<br>s\u00e4\u00e4nn\u00f6t ja pyrkii toteuttamaan niit\u00e4<\/li>\n\n\n\n<li>toimii muillakin edell\u00e4 mainittuihin verrattavilla tavoilla<br>lasten kasvatuksen ja opetuksen kehitt\u00e4miseksi.<br>3 \u00a7 J\u00e4senet<br>Yhdistyksess\u00e4 voi olla varsinaisia ja kannattavia j\u00e4seni\u00e4.<br>Yhdistyksen varsinaisiksi j\u00e4seneksi voivat liitty\u00e4 yhdistyksen<br>yll\u00e4pit\u00e4m\u00e4ss\u00e4 p\u00e4iv\u00e4kodissa hoidettavien lasten huoltajat.<br>Kannatusj\u00e4senmaksun voi maksaa yksityinen henkil\u00f6 tai<br>oikeustoimikelpoinen yhteis\u00f6, joka haluaa tukea yhdistyksen<br>tarkoitusta ja toimintaa.<br>4 \u00a7 J\u00e4senmaksut<br>Varsinaiset j\u00e4senet suorittavat vuosikokouksen m\u00e4\u00e4r\u00e4\u00e4m\u00e4n<br>liittymismaksun ja vuosittaiset j\u00e4senmaksut. Kannattavat j\u00e4senet<br>voivat maksaa haluamansa summan j\u00e4senmaksuna.<br>5 \u00a7 J\u00e4senyydest\u00e4 eroaminen ja erottaminen<br>J\u00e4senen, joka haluaa erota yhdistyksen j\u00e4senyydest\u00e4, on ilmoitettava<br>siit\u00e4 kirjallisesti yhdistyksen hallitukselle tai sen<br>puheenjohtajalle tai ilmoitettava eroamisesta yhdistyksen kokouksen<br>p\u00f6yt\u00e4kirjaan. Hallitus voi erottaa yhdistyksest\u00e4 j\u00e4senen, jonka<br>toiminta on ollut yhdistykselle vahingollista tai joka on<br>laiminly\u00f6nyt j\u00e4senmaksun maksamisen tai muut velvoitukset, tai joka<br>ei en\u00e4\u00e4 t\u00e4yt\u00e4 laissa tai yhdistyksen s\u00e4\u00e4nn\u00f6iss\u00e4 mainittuja<br>j\u00e4senyyden ehtoja, mik\u00e4li v\u00e4hint\u00e4\u00e4n 2\/3 hallituksen kokouksessa<br>l\u00e4sn\u00e4 olevista j\u00e4senist\u00e4 kannattaa erottamista. Erottamisp\u00e4\u00e4t\u00f6ksest\u00e4 j\u00e4senell\u00e4 on oikeus valittaa yhdistyksen kokoukselle j\u00e4tt\u00e4m\u00e4ll\u00e4 kirjallinen valitus hallitukselle 30 vuorokauden kuluessa asiasta<br>tiedon saatuaan. Jos yhdistyksen kokous kuultuaan hallitusta ja<br>erotettua j\u00e4sent\u00e4 hyv\u00e4ksyy v\u00e4hint\u00e4\u00e4n 2\/3 erottamisp\u00e4\u00e4t\u00f6ksen, tulee<br>se voimaan heti. Eroavan tai erotetun j\u00e4senen on suoritettava kaikki<br>ne taloudelliset velvoitteet, jotka j\u00e4senelle sin\u00e4 toimintakautena<br>kuuluvat, jona eroaminen tai erottaminen tapahtuu.<\/li>\n<\/ol>\n\n\n\n<p><br>6 \u00a7 Lahjoitukset ja j\u00e4lkis\u00e4\u00e4d\u00f6kset<br>Yhdistyksell\u00e4 on oikeus vastaanottaa lahjoituksia, avustuksia ja<br>j\u00e4lkis\u00e4\u00e4d\u00f6ksi\u00e4.<\/p>\n\n\n\n<p><br>7 \u00a7 Yhdistyksen kokoukset, \u00e4\u00e4nivalta, \u00e4\u00e4nestykset ja kokouskutsut<br>Yhdistyksen kokoukset ovat vuosikokous sek\u00e4 tarvittaessa<br>ylim\u00e4\u00e4r\u00e4inen kokous. Vuosikokous pidet\u00e4\u00e4n viimeist\u00e4\u00e4n kunkin vuoden<br>huhtikuussa hallituksen l\u00e4hemmin m\u00e4\u00e4r\u00e4\u00e4m\u00e4n\u00e4 ajankohtana.<br>Ylim\u00e4\u00e4r\u00e4isi\u00e4 kokouksia pidet\u00e4\u00e4n tarpeen vaatiessa, kun yhdistyksen<br>kokous niin p\u00e4\u00e4tt\u00e4\u00e4 tai hallitus katsoo siihen olevan aihetta tai<br>kun v\u00e4hint\u00e4\u00e4n 1\/10 yhdistyksen \u00e4\u00e4nioikeutetuista j\u00e4senist\u00e4 sit\u00e4<br>kirjallisesti pyyt\u00e4\u00e4 hallitukselta erityisesti ilmoitettua asiaa<br>varten. Kutsu varsinaiseen kokoukseen tai ylim\u00e4\u00e4r\u00e4iseen kokoukseen<br>l\u00e4hetet\u00e4\u00e4n s\u00e4hk\u00f6isell\u00e4 viestint\u00e4v\u00e4lineell\u00e4, kirjeitse tai<br>julkaisemalla kokouskutsu yhdistyksen ilmoitustaululla v\u00e4hint\u00e4\u00e4n 7<br>vuorokautta ennen kokousta. Yhdistyksen kokouksessa on kullakin<br>edellisen toimintakauden j\u00e4senmaksun suorittaneella varsinaisella<br>j\u00e4senell\u00e4 yksi \u00e4\u00e4ni; asiat ratkaistaan yksinkertaisella<br>\u00e4\u00e4ntenenemmist\u00f6ll\u00e4, mik\u00e4li s\u00e4\u00e4nn\u00f6iss\u00e4 ei joidenkin asioiden kohdalla<br>ole toisin m\u00e4\u00e4r\u00e4tty. \u00c4\u00e4nten menness\u00e4 tasan ratkaisee puheenjohtajan<br>\u00e4\u00e4ni, paitsi vaaleissa arpa. Vaali on toimitettava umpilipuin,<br>mik\u00e4li saapuvilla oleva j\u00e4sen niin vaatii. \u00c4\u00e4nioikeutta voi k\u00e4ytt\u00e4\u00e4<br>asiamiehen v\u00e4lityksell\u00e4. Kannattavilla j\u00e4senill\u00e4 on yhdistyksen<br>kokouksissa puhe- ja l\u00e4sn\u00e4olo-oikeus, mutta ei \u00e4\u00e4nioikeutta.<br><\/p>\n\n\n\n<p>8 \u00a7 Vuosikokouksessa k\u00e4sitelt\u00e4v\u00e4t asiat<br>Vuosikokouksessa k\u00e4sitell\u00e4\u00e4n seuraavat asiat ja suoritetaan<br>seuraavat toimenpiteet:<\/p>\n\n\n\n<ol class=\"wp-block-list\">\n<li>hallituksen puheenjohtaja tai varapuheenjohtaja tai heid\u00e4n<br>estyneen\u00e4 olleessaan joku hallituksen j\u00e4sen suorittaa kokouksen<br>avauksen<\/li>\n\n\n\n<li>valitaan kokoukselle puheenjohtaja, sihteeri sek\u00e4 kaksi (2)<br>p\u00f6yt\u00e4kirjan tarkistajaa, jotka toimivat \u00e4\u00e4ntenlaskijoina<\/li>\n\n\n\n<li>todetaan kokouksen laillisuus ja p\u00e4\u00e4t\u00f6svaltaisuus<\/li>\n\n\n\n<li>vahvistetaan kokouksen ty\u00f6j\u00e4rjestys<\/li>\n\n\n\n<li>k\u00e4sitell\u00e4\u00e4n hallituksen kertomus kuluneelta toimintakaudelta,<br>k\u00e4sitell\u00e4\u00e4n tilinp\u00e4\u00e4t\u00f6s ja tilintarkastajan lausunto, vahvistetaan<br>tilinp\u00e4\u00e4t\u00f6s ja p\u00e4\u00e4tet\u00e4\u00e4n vastuuvapauden my\u00f6nt\u00e4misest\u00e4 hallitukselle<br>ja muille tilivelvollisille<\/li>\n\n\n\n<li>k\u00e4sitell\u00e4\u00e4n hallituksen toimintasuunnitelma seuraavalle<br>toimintakaudelle<\/li>\n\n\n\n<li>valitaan hallituksen puheenjohtaja<\/li>\n\n\n\n<li>valitaan hallituksen muut varsinaiset j\u00e4senet ja varaj\u00e4senet<\/li>\n\n\n\n<li>valitaan yksi (1) tilintarkastaja ja yksi (1) varatilintarkastaja<\/li>\n\n\n\n<li>p\u00e4\u00e4tet\u00e4\u00e4n varsinaisten j\u00e4senten liittymis- ja j\u00e4senmaksujen<br>suuruudesta<\/li>\n\n\n\n<li>p\u00e4\u00e4tet\u00e4\u00e4n kokouskutsutavasta 7\u00a7:n rajoissa.<\/li>\n<\/ol>\n\n\n\n<p>9 \u00a7 Hallitus<br>Yhdistyksen asioita hoitaa hallitus, johon kuuluvat vuosikokouksessa<br>valittu puheenjohtaja sek\u00e4 kolmesta kahdeksaan varsinaista j\u00e4sent\u00e4<br>(3-8) ja yhdest\u00e4 viiteen (1-5) varaj\u00e4sent\u00e4, jotka vuosikokous<br>valitsee toimintakaudeksi kerrallaan. Hallitus valitsee<br>keskuudestaan varapuheenjohtajan, sihteerin ja taloudenhoitajan sek\u00e4<br>muut tarvittavat toimihenkil\u00f6t. Hallitus on p\u00e4\u00e4t\u00f6svaltainen, kun<br>puheenjohtaja tai varapuheenjohtaja ja v\u00e4hint\u00e4\u00e4n puolet hallituksen<br>j\u00e4senist\u00e4 on l\u00e4sn\u00e4. \u00c4\u00e4nten menness\u00e4 tasan ratkaisee puheenjohtajan<br>\u00e4\u00e4ni, vaaleissa kuitenkin arpa. Hallituksen kokouksissa johtaa<br>puhetta puheenjohtaja tai varapuheenjohtaja.<br><\/p>\n\n\n\n<p>10 \u00a7 Nimenkirjoitus<br>Yhdistyksen nimen kirjoittaa puheenjohtaja ja varapuheenjohtaja<br>yhdess\u00e4 tai jompikumpi yhdess\u00e4 hallituksen varsinaisen j\u00e4senen tai<br>henkil\u00f6n, jolla on siihen hallituksen erikseen antama<br>henkil\u00f6kohtainen oikeus, kanssa.<br><\/p>\n\n\n\n<p>11 \u00a7 Yhdistyksen toimi- ja tilikausi<br>Yhdistyksen toimi- ja tilikausi on kalenterivuosi. Hallituksen on<br>j\u00e4tett\u00e4v\u00e4 tilinp\u00e4\u00e4t\u00f6s tarvittavine asiakirjoineen viimeist\u00e4\u00e4n<br>kuukausi ennen vuosikokousta tilintarkastajalle, jonka on ne<br>lausuntoineen palautettava hallitukselle viimeist\u00e4\u00e4n kaksi (2)<br>viikkoa ennen vuosikokousta. Tilinp\u00e4\u00e4t\u00f6s on<br>tilintarkastuskertomuksineen esitelt\u00e4v\u00e4 vuosikokoukselle.<br><\/p>\n\n\n\n<p>12 \u00a7 S\u00e4\u00e4nt\u00f6jen muuttaminen<br>N\u00e4iden s\u00e4\u00e4nt\u00f6jen muuttamiseksi vaaditaan yhdistyksen kokouksen<br>v\u00e4hint\u00e4\u00e4n kolmenelj\u00e4sosan (3\/4) enemmist\u00f6ll\u00e4 annetuista \u00e4\u00e4nist\u00e4<br>tekem\u00e4 p\u00e4\u00e4t\u00f6s. Kokouskutsussa on mainittava s\u00e4\u00e4nt\u00f6jen muuttamisesta.<br><\/p>\n\n\n\n<p>13 \u00a7 Yhdistyksen purkaminen<br>Yhdistyksen purkamiseen vaaditaan kahden per\u00e4kk\u00e4isen 21 p\u00e4iv\u00e4n<br>v\u00e4liajoin pidett\u00e4v\u00e4n yhdistyksen kokouksen v\u00e4hint\u00e4\u00e4n kolmenelj\u00e4sosan<br>(3\/4) enemmist\u00f6ll\u00e4 annetuista \u00e4\u00e4nist\u00e4 tekem\u00e4t yht\u00e4pit\u00e4v\u00e4t p\u00e4\u00e4t\u00f6kset.<br>Jos yhdistys purkautuu, on sen varat luovutettava johonkin<br>yhdistyksen tarkoitusperi\u00e4 edist\u00e4v\u00e4\u00e4n tarkoitukseen, josta<br>yhdistyksen viimeinen kokous l\u00e4himmin p\u00e4\u00e4tt\u00e4\u00e4. Yhdistyksen tultua<br>lakkautetuksi k\u00e4ytet\u00e4\u00e4n sen varat s\u00e4\u00e4nt\u00f6jen 2 \u00a7:n mukaiseen<br>tarkoitukseen.<br><\/p>\n\n\n\n<p>14 \u00a7 Yleist\u00e4<br>Niiss\u00e4 kohdin, joita ei edell\u00e4 ole mainittu, noudatetaan voimassa<br>olevaa yhdistyslakia.<\/p>\n","protected":false},"excerpt":{"rendered":"<p>Voimassaolevat s\u00e4\u00e4nn\u00f6t: 21.03.2023 1 \u00a7 Yhdistyksen nimi ja kotipaikkaYhdistyksen nimi on Vantaan Montessorikoulu Montsan kannatusyhdistys ry. Yhdistyksen kotipaikka on Vantaan kaupunki. 2 \u00a7 Tarkoitus ja toiminnan laatuYhdistyksen tarkoituksena on edist\u00e4\u00e4 lasten oikeuksien huomioimista ja toteutumista yhteiskunnassa riippumatta etnisest\u00e4 taustasta,uskonnosta, sukupuolesta, seksuaalisesta suuntautumisesta taipoliittisesta vakaumuksesta. Yhdistys on puoluepoliittisesti jaideologisesti sitoutumaton.Tarkoituksensa toteuttamiseksi\u2026<\/p>\n<p class=\"continue-reading-button\"> <a class=\"continue-reading-link\" href=\"https:\/\/montsa.com\/?page_id=178\">Continue reading<i class=\"crycon-right-dir\"><\/i><\/a><\/p>\n","protected":false},"author":1,"featured_media":0,"parent":46,"menu_order":0,"comment_status":"closed","ping_status":"open","template":"templates\/template-onecolumn.php","meta":{"footnotes":""},"class_list":["post-178","page","type-page","status-publish","hentry"],"jetpack_sharing_enabled":true,"jetpack_shortlink":"https:\/\/wp.me\/P7gGdc-2S","jetpack-related-posts":[],"_links":{"self":[{"href":"https:\/\/montsa.com\/index.php?rest_route=\/wp\/v2\/pages\/178","targetHints":{"allow":["GET"]}}],"collection":[{"href":"https:\/\/montsa.com\/index.php?rest_route=\/wp\/v2\/pages"}],"about":[{"href":"https:\/\/montsa.com\/index.php?rest_route=\/wp\/v2\/types\/page"}],"author":[{"embeddable":true,"href":"https:\/\/montsa.com\/index.php?rest_route=\/wp\/v2\/users\/1"}],"replies":[{"embeddable":true,"href":"https:\/\/montsa.com\/index.php?rest_route=%2Fwp%2Fv2%2Fcomments&post=178"}],"version-history":[{"count":3,"href":"https:\/\/montsa.com\/index.php?rest_route=\/wp\/v2\/pages\/178\/revisions"}],"predecessor-version":[{"id":943,"href":"https:\/\/montsa.com\/index.php?rest_route=\/wp\/v2\/pages\/178\/revisions\/943"}],"up":[{"embeddable":true,"href":"https:\/\/montsa.com\/index.php?rest_route=\/wp\/v2\/pages\/46"}],"wp:attachment":[{"href":"https:\/\/montsa.com\/index.php?rest_route=%2Fwp%2Fv2%2Fmedia&parent=178"}],"curies":[{"name":"wp","href":"https:\/\/api.w.org\/{rel}","templated":true}]}}