{"id":209,"date":"2014-07-23T15:43:58","date_gmt":"2014-07-23T15:43:58","guid":{"rendered":"http:\/\/montsa.com\/?page_id=209"},"modified":"2014-07-28T18:15:41","modified_gmt":"2014-07-28T15:15:41","slug":"paivakotiin-saapuminen-ja-hakeminen","status":"publish","type":"page","link":"https:\/\/montsa.com\/?page_id=209","title":{"rendered":"P\u00e4iv\u00e4kotiin saapuminen ja hakeminen"},"content":{"rendered":"<p><strong>Saapuminen p\u00e4iv\u00e4kotiin<\/strong><br \/>\nToivomme, ett\u00e4 lapsi tuodaan p\u00e4iv\u00e4kotiin klo 9.30 menness\u00e4. N\u00e4in kunnioitetaan ryhm\u00e4n yleist\u00e4 ty\u00f6skentelyrauhaa ja lapsi saa montessoripedagogian mukaisen pitk\u00e4n ty\u00f6skentelyajan. Vanhemman on hyv\u00e4 varata aikaa lasta tuodessa, jotta lapsi ehtii vanhemman valvonnassa rauhassa riisua ulkovaatteet ja laittaa p\u00e4\u00e4llens\u00e4 sis\u00e4vaatteet ja tossut.<\/p>\n<ul>\n<li>Aamupurkat j\u00e4tet\u00e4\u00e4n eteisen roskikseen<\/li>\n<li>K\u00e4det on pest\u00e4v\u00e4 kunnolla. K\u00e4sihygienialla pyrit\u00e4\u00e4n v\u00e4hent\u00e4m\u00e4\u00e4n bakteeri- ja virustartuntoja.<\/li>\n<li>Vanhemman tulee saattaa lapsi oman ryhm\u00e4n aikuisen luo, joilloin vastuu lapsesta siirtyy p\u00e4iv\u00e4kodille.<\/li>\n<li>Kun ohjaaja on k\u00e4tellyt lapsen, saattaja voi poistua. Toivomme, ett\u00e4 saattaja ei tule luokkahuoneeseen ettei lasten ty\u00f6skentelyrauha h\u00e4iriintyisi.<\/li>\n<\/ul>\n<p><strong><img data-recalc-dims=\"1\" loading=\"lazy\" decoding=\"async\" data-attachment-id=\"278\" data-permalink=\"https:\/\/montsa.com\/?attachment_id=278\" data-orig-file=\"https:\/\/i0.wp.com\/montsa.com\/wp-content\/uploads\/2014\/07\/img_ty%C3%B6skentely1.jpg?fit=800%2C450&amp;ssl=1\" data-orig-size=\"800,450\" data-comments-opened=\"0\" data-image-meta=\"{&quot;aperture&quot;:&quot;0&quot;,&quot;credit&quot;:&quot;&quot;,&quot;camera&quot;:&quot;&quot;,&quot;caption&quot;:&quot;&quot;,&quot;created_timestamp&quot;:&quot;0&quot;,&quot;copyright&quot;:&quot;&quot;,&quot;focal_length&quot;:&quot;0&quot;,&quot;iso&quot;:&quot;0&quot;,&quot;shutter_speed&quot;:&quot;0&quot;,&quot;title&quot;:&quot;&quot;}\" data-image-title=\"img_ty\u00f6skentely1\" data-image-description=\"\" data-image-caption=\"\" data-large-file=\"https:\/\/i0.wp.com\/montsa.com\/wp-content\/uploads\/2014\/07\/img_ty%C3%B6skentely1.jpg?fit=800%2C450&amp;ssl=1\" class=\"aligncenter wp-image-278 size-medium\" src=\"https:\/\/i0.wp.com\/montsa.com\/wp-content\/uploads\/2014\/07\/img_ty%C3%B6skentely1.jpg?resize=600%2C337\" alt=\"img_ty\u00f6skentely1\" width=\"600\" height=\"337\" srcset=\"https:\/\/i0.wp.com\/montsa.com\/wp-content\/uploads\/2014\/07\/img_ty%C3%B6skentely1.jpg?resize=600%2C337&amp;ssl=1 600w, https:\/\/i0.wp.com\/montsa.com\/wp-content\/uploads\/2014\/07\/img_ty%C3%B6skentely1.jpg?resize=250%2C140&amp;ssl=1 250w, https:\/\/i0.wp.com\/montsa.com\/wp-content\/uploads\/2014\/07\/img_ty%C3%B6skentely1.jpg?resize=150%2C84&amp;ssl=1 150w, https:\/\/i0.wp.com\/montsa.com\/wp-content\/uploads\/2014\/07\/img_ty%C3%B6skentely1.jpg?w=800&amp;ssl=1 800w\" sizes=\"auto, (max-width: 600px) 100vw, 600px\" \/>Hakeminen p\u00e4iv\u00e4kodista<\/strong><br \/>\nLapsi luovutetaan p\u00e4iv\u00e4kodista vain h\u00e4nen vanhemmille ja muille ennalta ilmoitetuille t\u00e4ysi-ik\u00e4isille hakijoille. Poikkeuksellisista hakuajoista on ilmoitettava etuk\u00e4ten ryhm\u00e4n aikuiselle. Hakutilanteessa on hyv\u00e4 varata aikaa, jotta lapsi ehtii palauttaa lelut ja ty\u00f6skentelyv\u00e4lineet paikoilleen. L\u00e4htiess\u00e4 lapsi k\u00e4y k\u00e4ttelem\u00e4ss\u00e4 p\u00e4iv\u00e4kodin aikuisen, mik\u00e4 on my\u00f6s merkki vastuun siirtymisest\u00e4 hakijalle. P\u00e4iv\u00e4kodin ty\u00f6ntekij\u00e4n on n\u00e4ht\u00e4v\u00e4 hakija ennen p\u00e4iv\u00e4kodista poistumista. Lapsi ei saa menn\u00e4 portista ulos ilman aikuista. Portit ja ovet on aina suljettava.<\/p>\n<p>Toivomme, ett\u00e4 lasten haku- ja tuontitilanteissa vanhemmat v\u00e4ltt\u00e4v\u00e4t k\u00e4nnykoihin puhumista ja keskittyv\u00e4t lapseensa. L\u00e4htiess\u00e4 on hyv\u00e4 tarkistaa pyykki-, vaippa- ja varavaatetilanne sek\u00e4 t\u00e4hdill\u00e4 kuluneen p\u00e4iv\u00e4n raportit.<\/p>\n","protected":false},"excerpt":{"rendered":"<p>Saapuminen p\u00e4iv\u00e4kotiin Toivomme, ett\u00e4 lapsi tuodaan p\u00e4iv\u00e4kotiin klo 9.30 menness\u00e4. N\u00e4in kunnioitetaan ryhm\u00e4n yleist\u00e4 ty\u00f6skentelyrauhaa ja lapsi saa montessoripedagogian mukaisen pitk\u00e4n ty\u00f6skentelyajan. Vanhemman on hyv\u00e4 varata aikaa lasta tuodessa, jotta lapsi ehtii vanhemman valvonnassa rauhassa riisua ulkovaatteet ja laittaa p\u00e4\u00e4llens\u00e4 sis\u00e4vaatteet ja tossut. Aamupurkat j\u00e4tet\u00e4\u00e4n eteisen roskikseen K\u00e4det on pest\u00e4v\u00e4\u2026<\/p>\n<p class=\"continue-reading-button\"> <a class=\"continue-reading-link\" href=\"https:\/\/montsa.com\/?page_id=209\">Continue reading<i class=\"crycon-right-dir\"><\/i><\/a><\/p>\n","protected":false},"author":1,"featured_media":0,"parent":24,"menu_order":0,"comment_status":"closed","ping_status":"open","template":"templates\/template-onecolumn.php","meta":{"footnotes":""},"class_list":["post-209","page","type-page","status-publish","hentry"],"jetpack_sharing_enabled":true,"jetpack_shortlink":"https:\/\/wp.me\/P7gGdc-3n","jetpack-related-posts":[],"_links":{"self":[{"href":"https:\/\/montsa.com\/index.php?rest_route=\/wp\/v2\/pages\/209","targetHints":{"allow":["GET"]}}],"collection":[{"href":"https:\/\/montsa.com\/index.php?rest_route=\/wp\/v2\/pages"}],"about":[{"href":"https:\/\/montsa.com\/index.php?rest_route=\/wp\/v2\/types\/page"}],"author":[{"embeddable":true,"href":"https:\/\/montsa.com\/index.php?rest_route=\/wp\/v2\/users\/1"}],"replies":[{"embeddable":true,"href":"https:\/\/montsa.com\/index.php?rest_route=%2Fwp%2Fv2%2Fcomments&post=209"}],"version-history":[{"count":3,"href":"https:\/\/montsa.com\/index.php?rest_route=\/wp\/v2\/pages\/209\/revisions"}],"predecessor-version":[{"id":280,"href":"https:\/\/montsa.com\/index.php?rest_route=\/wp\/v2\/pages\/209\/revisions\/280"}],"up":[{"embeddable":true,"href":"https:\/\/montsa.com\/index.php?rest_route=\/wp\/v2\/pages\/24"}],"wp:attachment":[{"href":"https:\/\/montsa.com\/index.php?rest_route=%2Fwp%2Fv2%2Fmedia&parent=209"}],"curies":[{"name":"wp","href":"https:\/\/api.w.org\/{rel}","templated":true}]}}